{"id":17777,"date":"2016-09-03T14:51:14","date_gmt":"2016-09-03T12:51:14","guid":{"rendered":"http:\/\/repassageservice.fr\/?page_id=17777"},"modified":"2025-08-18T08:04:07","modified_gmt":"2025-08-18T06:04:07","slug":"reservation","status":"publish","type":"page","link":"https:\/\/repassageservice.fabieng.net\/v2\/reservation\/","title":{"rendered":"R\u00e9servation en ligne"},"content":{"rendered":"<p>[vc_row row_type=\u00a0\u00bbrow\u00a0\u00bb use_row_as_full_screen_section=\u00a0\u00bbno\u00a0\u00bb type=\u00a0\u00bbfull_width\u00a0\u00bb angled_section=\u00a0\u00bbno\u00a0\u00bb text_align=\u00a0\u00bbleft\u00a0\u00bb background_image_as_pattern=\u00a0\u00bbwithout_pattern\u00a0\u00bb padding_top=\u00a0\u00bb0&Prime; padding_bottom=\u00a0\u00bb20&Prime; css_animation=\u00a0\u00bb\u00a0\u00bb][vc_column][gravityform id=\u00a0\u00bb1&Prime; title=\u00a0\u00bbfalse\u00a0\u00bb description=\u00a0\u00bbfalse\u00a0\u00bb ajax=\u00a0\u00bbtrue\u00a0\u00bb][\/vc_column][\/vc_row][vc_row row_type=\u00a0\u00bbrow\u00a0\u00bb use_row_as_full_screen_section=\u00a0\u00bbyes\u00a0\u00bb type=\u00a0\u00bbfull_width\u00a0\u00bb angled_section=\u00a0\u00bbno\u00a0\u00bb text_align=\u00a0\u00bbcenter\u00a0\u00bb background_image_as_pattern=\u00a0\u00bbwithout_pattern\u00a0\u00bb padding_top=\u00a0\u00bb20&Prime; padding_bottom=\u00a0\u00bb30&Prime; css_animation=\u00a0\u00bb\u00a0\u00bb][vc_column][vc_column_text]<\/p>\n<h5 style=\"text-align: center;\"><strong>Conditions d&rsquo;utilisations de notre service de r\u00e9servation en ligne :<\/strong><\/h5>\n<p>[\/vc_column_text][vc_column_text]<\/p>\n<p style=\"text-align: center;\"><em><span style=\"color: #2a589d;\"><strong><em>60,00 euros minimum de commande factur\u00e9e pour les secteurs Lyon 1, Lyon 2, Lyon 3, Lyon 6, Lyon 7, Lyon 8, Bron, Villeurbanne.<\/em><\/strong><\/span><\/em><\/p>\n<p style=\"text-align: center;\"><span style=\"color: #ff9900;\"><em><strong>80,00 euros minimum de commande factur\u00e9e pour les secteurs Lyon 4, Lyon 5, Lyon 9, Ste Foy L\u00e8s Lyon, Tassin la Demi Lune, Oullins, Saint Priest.<\/strong><\/em><\/span><\/p>\n<p style=\"text-align: center;\"><em><span style=\"color: #2a589d;\"><strong><em>Nous vous remercions de bien vouloir r\u00e9server au minimum 48h \u00e0 l&rsquo;avance.<\/em><\/strong><\/span><\/em><\/p>\n<p style=\"text-align: center;\"><em><strong><span style=\"color: #ff0000;\">Les demandes envoy\u00e9es avec un d\u00e9lai inf\u00e9rieur \u00e0 48h ou pour un jour f\u00e9ri\u00e9 ne pourront \u00eatre enregistr\u00e9es.<\/span><\/strong><br \/>\n<\/em><em>15,00 euros de frais supp. en cas d\u2019absence lors de l\u2019enl\u00e8vement ou de la livraison.<br \/>\n<\/em><em>En cas d\u2019emp\u00eachement, vous avez la possibilit\u00e9 de nous pr\u00e9venir, soit par mail,\u00a0<\/em><em>soit par t\u00e9l\u00e9phone au <span style=\"color: #2a589d;\"><strong>04 78 54 38 06<\/strong><\/span><\/em><\/p>\n<p>[\/vc_column_text][\/vc_column][\/vc_row]<\/p>\n","protected":false},"excerpt":{"rendered":"<p>[vc_row row_type=\u00a0\u00bbrow\u00a0\u00bb use_row_as_full_screen_section=\u00a0\u00bbno\u00a0\u00bb type=\u00a0\u00bbfull_width\u00a0\u00bb angled_section=\u00a0\u00bbno\u00a0\u00bb text_align=\u00a0\u00bbleft\u00a0\u00bb background_image_as_pattern=\u00a0\u00bbwithout_pattern\u00a0\u00bb padding_top=\u00a0\u00bb0&Prime; padding_bottom=\u00a0\u00bb20&Prime; css_animation=\u00a0\u00bb\u00a0\u00bb][vc_column][gravityform id=\u00a0\u00bb1&Prime; title=\u00a0\u00bbfalse\u00a0\u00bb description=\u00a0\u00bbfalse\u00a0\u00bb ajax=\u00a0\u00bbtrue\u00a0\u00bb][\/vc_column][\/vc_row][vc_row row_type=\u00a0\u00bbrow\u00a0\u00bb use_row_as_full_screen_section=\u00a0\u00bbyes\u00a0\u00bb type=\u00a0\u00bbfull_width\u00a0\u00bb angled_section=\u00a0\u00bbno\u00a0\u00bb text_align=\u00a0\u00bbcenter\u00a0\u00bb background_image_as_pattern=\u00a0\u00bbwithout_pattern\u00a0\u00bb padding_top=\u00a0\u00bb20&Prime; padding_bottom=\u00a0\u00bb30&Prime; css_animation=\u00a0\u00bb\u00a0\u00bb][vc_column][vc_column_text] Conditions d&rsquo;utilisations de notre service de r\u00e9servation en ligne : [\/vc_column_text][vc_column_text] 60,00 euros minimum de commande factur\u00e9e pour les secteurs Lyon 1, Lyon 2, Lyon 3, Lyon 6, Lyon 7, Lyon 8, [&hellip;]<\/p>\n","protected":false},"author":1,"featured_media":0,"parent":0,"menu_order":0,"comment_status":"closed","ping_status":"closed","template":"","meta":[],"_links":{"self":[{"href":"https:\/\/repassageservice.fabieng.net\/v2\/wp-json\/wp\/v2\/pages\/17777"}],"collection":[{"href":"https:\/\/repassageservice.fabieng.net\/v2\/wp-json\/wp\/v2\/pages"}],"about":[{"href":"https:\/\/repassageservice.fabieng.net\/v2\/wp-json\/wp\/v2\/types\/page"}],"author":[{"embeddable":true,"href":"https:\/\/repassageservice.fabieng.net\/v2\/wp-json\/wp\/v2\/users\/1"}],"replies":[{"embeddable":true,"href":"https:\/\/repassageservice.fabieng.net\/v2\/wp-json\/wp\/v2\/comments?post=17777"}],"version-history":[{"count":70,"href":"https:\/\/repassageservice.fabieng.net\/v2\/wp-json\/wp\/v2\/pages\/17777\/revisions"}],"predecessor-version":[{"id":18071,"href":"https:\/\/repassageservice.fabieng.net\/v2\/wp-json\/wp\/v2\/pages\/17777\/revisions\/18071"}],"wp:attachment":[{"href":"https:\/\/repassageservice.fabieng.net\/v2\/wp-json\/wp\/v2\/media?parent=17777"}],"curies":[{"name":"wp","href":"https:\/\/api.w.org\/{rel}","templated":true}]}}