{"id":17006,"date":"2015-10-30T14:55:00","date_gmt":"2015-10-30T13:55:00","guid":{"rendered":"http:\/\/repassageservice.fabieng.net\/v2\/?page_id=17006"},"modified":"2017-05-15T12:37:11","modified_gmt":"2017-05-15T10:37:11","slug":"la-promotion-du-mois","status":"publish","type":"page","link":"https:\/\/repassageservice.fabieng.net\/v2\/la-promotion-du-mois\/","title":{"rendered":"La promotion du mois"},"content":{"rendered":"<p>[vc_row row_type=\u00a0\u00bbrow\u00a0\u00bb use_row_as_full_screen_section=\u00a0\u00bbno\u00a0\u00bb type=\u00a0\u00bbgrid\u00a0\u00bb anchor=\u00a0\u00bbportfolio\u00a0\u00bb angled_section=\u00a0\u00bbno\u00a0\u00bb text_align=\u00a0\u00bbcenter\u00a0\u00bb background_image_as_pattern=\u00a0\u00bbwithout_pattern\u00a0\u00bb background_color=\u00a0\u00bb#ffffff\u00a0\u00bb padding_top=\u00a0\u00bb20&Prime; padding_bottom=\u00a0\u00bb0&Prime; css_animation=\u00a0\u00bb\u00a0\u00bb][vc_column][vc_column_text]<\/p>\n<h1><span style=\"color: #800080;\">Promotion du mois\u00a0<\/span><\/h1>\n<h4>Tous les mois nous vous proposons de nouvelles promotions.<\/h4>\n<p>[\/vc_column_text][vc_separator type=\u00a0\u00bbtransparent\u00a0\u00bb up=\u00a0\u00bb10&Prime; down=\u00a0\u00bb0&Prime;][vc_single_image image=\u00a0\u00bb17744&Prime; img_size=\u00a0\u00bbfull\u00a0\u00bb alignment=\u00a0\u00bbcenter\u00a0\u00bb qode_css_animation=\u00a0\u00bbelement_from_fade\u00a0\u00bb transition_delay=\u00a0\u00bb0.3&Prime;][vc_separator type=\u00a0\u00bbtransparent\u00a0\u00bb up=\u00a0\u00bb10&Prime; down=\u00a0\u00bb0&Prime;][vc_column_text]<\/p>\n<h4>Profitez de nos r\u00e9ductions pour b\u00e9n\u00e9ficier d&rsquo;avantages exclusifs !<\/h4>\n<p>[\/vc_column_text][vc_separator type=\u00a0\u00bbtransparent\u00a0\u00bb up=\u00a0\u00bb10&Prime; down=\u00a0\u00bb0&Prime;][\/vc_column][\/vc_row]<\/p>\n","protected":false},"excerpt":{"rendered":"<p>[vc_row row_type=\u00a0\u00bbrow\u00a0\u00bb use_row_as_full_screen_section=\u00a0\u00bbno\u00a0\u00bb type=\u00a0\u00bbgrid\u00a0\u00bb anchor=\u00a0\u00bbportfolio\u00a0\u00bb angled_section=\u00a0\u00bbno\u00a0\u00bb text_align=\u00a0\u00bbcenter\u00a0\u00bb background_image_as_pattern=\u00a0\u00bbwithout_pattern\u00a0\u00bb background_color=\u00a0\u00bb#ffffff\u00a0\u00bb padding_top=\u00a0\u00bb20&Prime; padding_bottom=\u00a0\u00bb0&Prime; css_animation=\u00a0\u00bb\u00a0\u00bb][vc_column][vc_column_text] Promotion du mois\u00a0 Tous les mois nous vous proposons de nouvelles promotions. [\/vc_column_text][vc_separator type=\u00a0\u00bbtransparent\u00a0\u00bb up=\u00a0\u00bb10&Prime; down=\u00a0\u00bb0&Prime;][vc_single_image image=\u00a0\u00bb17744&Prime; img_size=\u00a0\u00bbfull\u00a0\u00bb alignment=\u00a0\u00bbcenter\u00a0\u00bb qode_css_animation=\u00a0\u00bbelement_from_fade\u00a0\u00bb transition_delay=\u00a0\u00bb0.3&Prime;][vc_separator type=\u00a0\u00bbtransparent\u00a0\u00bb up=\u00a0\u00bb10&Prime; down=\u00a0\u00bb0&Prime;][vc_column_text] Profitez de nos r\u00e9ductions pour b\u00e9n\u00e9ficier d&rsquo;avantages exclusifs ! [\/vc_column_text][vc_separator type=\u00a0\u00bbtransparent\u00a0\u00bb up=\u00a0\u00bb10&Prime; down=\u00a0\u00bb0&Prime;][\/vc_column][\/vc_row]<\/p>\n","protected":false},"author":1,"featured_media":0,"parent":0,"menu_order":0,"comment_status":"closed","ping_status":"closed","template":"","meta":[],"_links":{"self":[{"href":"https:\/\/repassageservice.fabieng.net\/v2\/wp-json\/wp\/v2\/pages\/17006"}],"collection":[{"href":"https:\/\/repassageservice.fabieng.net\/v2\/wp-json\/wp\/v2\/pages"}],"about":[{"href":"https:\/\/repassageservice.fabieng.net\/v2\/wp-json\/wp\/v2\/types\/page"}],"author":[{"embeddable":true,"href":"https:\/\/repassageservice.fabieng.net\/v2\/wp-json\/wp\/v2\/users\/1"}],"replies":[{"embeddable":true,"href":"https:\/\/repassageservice.fabieng.net\/v2\/wp-json\/wp\/v2\/comments?post=17006"}],"version-history":[{"count":65,"href":"https:\/\/repassageservice.fabieng.net\/v2\/wp-json\/wp\/v2\/pages\/17006\/revisions"}],"predecessor-version":[{"id":17804,"href":"https:\/\/repassageservice.fabieng.net\/v2\/wp-json\/wp\/v2\/pages\/17006\/revisions\/17804"}],"wp:attachment":[{"href":"https:\/\/repassageservice.fabieng.net\/v2\/wp-json\/wp\/v2\/media?parent=17006"}],"curies":[{"name":"wp","href":"https:\/\/api.w.org\/{rel}","templated":true}]}}